{"id":20,"date":"2026-05-10T18:48:44","date_gmt":"2026-05-10T16:48:44","guid":{"rendered":"https:\/\/www.msch-consulting.com\/?page_id=20"},"modified":"2026-05-11T22:45:22","modified_gmt":"2026-05-11T20:45:22","slug":"accueil","status":"publish","type":"page","link":"https:\/\/www.msch-consulting.com\/","title":{"rendered":"La passion de l&rsquo;innovation"},"content":{"rendered":"\n<div class=\"wp-block-cover alignfull has-medium-font-size wp-duotone-unset-1\"><img loading=\"lazy\" decoding=\"async\" width=\"2560\" height=\"1440\" class=\"wp-block-cover__image-background wp-image-97\" alt=\"\" src=\"https:\/\/www.msch-consulting.com\/wp-content\/uploads\/2026\/05\/IMG_1030-edited-scaled.jpeg\" style=\"object-position:50% 13%\" data-object-fit=\"cover\" data-object-position=\"50% 13%\" srcset=\"https:\/\/www.msch-consulting.com\/wp-content\/uploads\/2026\/05\/IMG_1030-edited-scaled.jpeg 2560w, https:\/\/www.msch-consulting.com\/wp-content\/uploads\/2026\/05\/IMG_1030-edited-300x169.jpeg 300w, https:\/\/www.msch-consulting.com\/wp-content\/uploads\/2026\/05\/IMG_1030-edited-1024x576.jpeg 1024w, https:\/\/www.msch-consulting.com\/wp-content\/uploads\/2026\/05\/IMG_1030-edited-768x432.jpeg 768w, https:\/\/www.msch-consulting.com\/wp-content\/uploads\/2026\/05\/IMG_1030-edited-1536x864.jpeg 1536w, https:\/\/www.msch-consulting.com\/wp-content\/uploads\/2026\/05\/IMG_1030-edited-2048x1152.jpeg 2048w\" sizes=\"auto, (max-width: 2560px) 100vw, 2560px\" \/><span aria-hidden=\"true\" class=\"wp-block-cover__background has-background-dim-20 has-background-dim\"><\/span><div class=\"wp-block-cover__inner-container is-layout-flow wp-block-cover-is-layout-flow\">\n<h1 class=\"wp-block-heading has-text-align-center\">MSCH Consulting<\/h1>\n<\/div><\/div>\n\n\n\n<div style=\"height:40px\" aria-hidden=\"true\" class=\"wp-block-spacer\"><\/div>\n\n\n\n<p><\/p>\n\n\n\n<div class=\"wp-block-columns is-layout-flex wp-container-core-columns-is-layout-9d6595d7 wp-block-columns-is-layout-flex\">\n<div class=\"wp-block-column neve-duotone is-layout-flow wp-block-column-is-layout-flow\" style=\"padding-right:var(--wp--preset--spacing--30);padding-left:var(--wp--preset--spacing--30)\"><div class=\"wp-block-image icon-style is-style-default wp-duotone-unset-2\">\n<figure class=\"aligncenter size-full has-custom-border\"><img decoding=\"async\" src=\"https:\/\/www.msch-consulting.com\/wp-content\/themes\/neve\/assets\/img\/starter-content\/neve-marketing-icon-1.png\" alt=\"\" style=\"border-radius:0px\" title=\"\"\/><\/figure>\n<\/div>\n\n\n<div style=\"height:16px\" aria-hidden=\"true\" class=\"wp-block-spacer\"><\/div>\n\n\n\n<h3 class=\"wp-block-heading has-text-align-center has-neve-text-color-color has-text-color\">Profession : Free-lance<\/h3>\n\n\n\n<p class=\"has-text-align-center\">Ing\u00e9nieur logiciel, DevOps, cloud engineer, expert JAVA.<\/p>\n\n\n\n<div style=\"height:20px\" aria-hidden=\"true\" class=\"wp-block-spacer\"><\/div>\n<\/div>\n\n\n\n<div class=\"wp-block-column is-layout-flow wp-block-column-is-layout-flow\" style=\"padding-right:var(--wp--preset--spacing--30);padding-left:var(--wp--preset--spacing--30)\"><div class=\"wp-block-image icon-style is-style-default wp-duotone-unset-3\">\n<figure class=\"aligncenter size-full has-custom-border\"><img decoding=\"async\" src=\"https:\/\/www.msch-consulting.com\/wp-content\/themes\/neve\/assets\/img\/starter-content\/neve-marketing-icon-3.1.png\" alt=\"\" style=\"border-radius:0px\" title=\"\"\/><\/figure>\n<\/div>\n\n\n<div style=\"height:16px\" aria-hidden=\"true\" class=\"wp-block-spacer\"><\/div>\n\n\n\n<h3 class=\"wp-block-heading has-text-align-center has-neve-text-color-color has-text-color\">Expertise reconnue<\/h3>\n\n\n\n<p class=\"has-text-align-center\">Par des grandes entreprises, et des certifications professionnelles.<\/p>\n\n\n\n<div style=\"height:20px\" aria-hidden=\"true\" class=\"wp-block-spacer\"><\/div>\n<\/div>\n\n\n\n<div class=\"wp-block-column is-layout-flow wp-block-column-is-layout-flow\" style=\"padding-right:var(--wp--preset--spacing--30);padding-left:var(--wp--preset--spacing--30)\"><div class=\"wp-block-image icon-style is-style-default wp-duotone-unset-4\">\n<figure class=\"aligncenter size-full has-custom-border\"><img decoding=\"async\" src=\"https:\/\/www.msch-consulting.com\/wp-content\/themes\/neve\/assets\/img\/starter-content\/neve-marketing-icon-2.png\" alt=\"\" style=\"border-radius:0px\" title=\"\"\/><\/figure>\n<\/div>\n\n\n<div style=\"height:16px\" aria-hidden=\"true\" class=\"wp-block-spacer\"><\/div>\n\n\n\n<h3 class=\"wp-block-heading has-text-align-center has-neve-text-color-color has-text-color\">Portfolio<\/h3>\n\n\n\n<p class=\"has-text-align-center\">Plus de 20 ans d&rsquo;experiences professionnelles, dans les m\u00e9tiers de la tech.<\/p>\n\n\n\n<div style=\"height:20px\" aria-hidden=\"true\" class=\"wp-block-spacer\"><\/div>\n<\/div>\n<\/div>\n\n\n\n<div class=\"wp-block-cover alignfull\" style=\"min-height:600px;aspect-ratio:unset;\"><span aria-hidden=\"true\" class=\"wp-block-cover__background has-nv-light-bg-background-color has-background-dim-80 has-background-dim\"><\/span><div class=\"wp-block-cover__inner-container is-layout-flow wp-block-cover-is-layout-flow\">\n<div class=\"wp-block-group\"><div class=\"wp-block-group__inner-container is-layout-flow wp-block-group-is-layout-flow\">\n<div style=\"height:80px\" aria-hidden=\"true\" class=\"wp-block-spacer\"><\/div>\n\n\n\n<div class=\"wp-block-columns is-layout-flex wp-container-core-columns-is-layout-9d6595d7 wp-block-columns-is-layout-flex\">\n<div class=\"wp-block-column is-layout-flow wp-block-column-is-layout-flow\" style=\"padding-right:0;padding-left:0;flex-basis:20%\">\n<div class=\"wp-block-group is-vertical is-content-justification-center is-layout-flex wp-container-core-group-is-layout-4b2eccd6 wp-block-group-is-layout-flex\"><\/div>\n<\/div>\n\n\n\n<div class=\"wp-block-column is-layout-flow wp-block-column-is-layout-flow\" style=\"flex-basis:60%\">\n<div class=\"wp-block-group is-vertical is-content-justification-center is-layout-flex wp-container-core-group-is-layout-4b2eccd6 wp-block-group-is-layout-flex\">\n<h2 class=\"wp-block-heading has-text-align-center has-neve-text-color-color has-text-color has-link-color wp-elements-e6813f655649fdd41b5a5d2e1d80abf9\">Principales activit\u00e9s<\/h2>\n\n\n\n<p class=\"has-text-align-center has-neve-text-color-color has-text-color has-link-color wp-elements-a3596e3e94652692ec818427a85f240d\">Notre coeur de m\u00e9tier est l&rsquo;IT et le d\u00e9veloppement logiciel en particulier.<\/p>\n\n\n\n<div style=\"height:0px\" aria-hidden=\"true\" class=\"wp-block-spacer wp-container-content-541a6b20\"><\/div>\n<\/div>\n<\/div>\n\n\n\n<div class=\"wp-block-column is-layout-flow wp-block-column-is-layout-flow\" style=\"flex-basis:20%\">\n<div class=\"wp-block-group is-vertical is-content-justification-center is-layout-flex wp-container-core-group-is-layout-4b2eccd6 wp-block-group-is-layout-flex\"><\/div>\n<\/div>\n<\/div>\n\n\n\n<div class=\"wp-block-columns are-vertically-aligned-center is-layout-flex wp-container-core-columns-is-layout-9d6595d7 wp-block-columns-is-layout-flex\">\n<div class=\"wp-block-column is-vertically-aligned-center is-layout-flow wp-block-column-is-layout-flow\" style=\"padding-right:var(--wp--preset--spacing--30);padding-left:var(--wp--preset--spacing--30);flex-basis:50%\">\n<figure class=\"wp-block-image size-full has-custom-border\"><img loading=\"lazy\" decoding=\"async\" width=\"1536\" height=\"1024\" src=\"https:\/\/www.msch-consulting.com\/wp-content\/uploads\/2026\/05\/kanbansanstitre.png\" alt=\"\" class=\"wp-image-88\" style=\"border-radius:16px\" srcset=\"https:\/\/www.msch-consulting.com\/wp-content\/uploads\/2026\/05\/kanbansanstitre.png 1536w, https:\/\/www.msch-consulting.com\/wp-content\/uploads\/2026\/05\/kanbansanstitre-300x200.png 300w, https:\/\/www.msch-consulting.com\/wp-content\/uploads\/2026\/05\/kanbansanstitre-1024x683.png 1024w, https:\/\/www.msch-consulting.com\/wp-content\/uploads\/2026\/05\/kanbansanstitre-768x512.png 768w, https:\/\/www.msch-consulting.com\/wp-content\/uploads\/2026\/05\/kanbansanstitre-930x620.png 930w\" sizes=\"auto, (max-width: 1536px) 100vw, 1536px\" \/><\/figure>\n\n\n\n<div style=\"height:24px\" aria-hidden=\"true\" class=\"wp-block-spacer\"><\/div>\n\n\n\n<h3 class=\"wp-block-heading has-text-align-center has-neve-text-color-color has-text-color\">Methodes Agile (Kanban, Scrum)<\/h3>\n\n\n\n<p><\/p>\n<\/div>\n\n\n\n<div class=\"wp-block-column is-vertically-aligned-center is-layout-flow wp-block-column-is-layout-flow\" style=\"padding-right:var(--wp--preset--spacing--30);padding-left:var(--wp--preset--spacing--30);flex-basis:50%\">\n<figure class=\"wp-block-image size-full has-custom-border\"><img loading=\"lazy\" decoding=\"async\" width=\"1536\" height=\"1024\" src=\"https:\/\/www.msch-consulting.com\/wp-content\/uploads\/2026\/05\/logosTechnos.png\" alt=\"\" class=\"wp-image-90\" style=\"border-radius:16px\" srcset=\"https:\/\/www.msch-consulting.com\/wp-content\/uploads\/2026\/05\/logosTechnos.png 1536w, https:\/\/www.msch-consulting.com\/wp-content\/uploads\/2026\/05\/logosTechnos-300x200.png 300w, https:\/\/www.msch-consulting.com\/wp-content\/uploads\/2026\/05\/logosTechnos-1024x683.png 1024w, https:\/\/www.msch-consulting.com\/wp-content\/uploads\/2026\/05\/logosTechnos-768x512.png 768w, https:\/\/www.msch-consulting.com\/wp-content\/uploads\/2026\/05\/logosTechnos-930x620.png 930w\" sizes=\"auto, (max-width: 1536px) 100vw, 1536px\" \/><\/figure>\n\n\n\n<div style=\"height:24px\" aria-hidden=\"true\" class=\"wp-block-spacer\"><\/div>\n\n\n\n<h3 class=\"wp-block-heading has-text-align-center has-neve-text-color-color has-text-color\">Architecture Micro-services d\u00e9ploy\u00e9s sur Kubernetes<\/h3>\n\n\n\n<div style=\"height:40px\" aria-hidden=\"true\" class=\"wp-block-spacer\"><\/div>\n<\/div>\n\n\n\n<div class=\"wp-block-column is-vertically-aligned-center is-layout-flow wp-block-column-is-layout-flow\" style=\"padding-right:var(--wp--preset--spacing--30);padding-left:var(--wp--preset--spacing--30);flex-basis:50%\">\n<figure class=\"wp-block-image size-full has-custom-border\"><a href=\"https:\/\/coursera.org\/share\/24930abfe0c1bd4b9fcc648cf6fb10e2\"><img loading=\"lazy\" decoding=\"async\" width=\"2560\" height=\"1707\" src=\"https:\/\/www.msch-consulting.com\/wp-content\/uploads\/2026\/05\/devops-edited-scaled.png\" alt=\"\" class=\"wp-image-111\" style=\"border-radius:16px\" srcset=\"https:\/\/www.msch-consulting.com\/wp-content\/uploads\/2026\/05\/devops-edited-scaled.png 2560w, https:\/\/www.msch-consulting.com\/wp-content\/uploads\/2026\/05\/devops-edited-300x200.png 300w, https:\/\/www.msch-consulting.com\/wp-content\/uploads\/2026\/05\/devops-edited-1024x683.png 1024w, https:\/\/www.msch-consulting.com\/wp-content\/uploads\/2026\/05\/devops-edited-768x512.png 768w, https:\/\/www.msch-consulting.com\/wp-content\/uploads\/2026\/05\/devops-edited-1536x1024.png 1536w, https:\/\/www.msch-consulting.com\/wp-content\/uploads\/2026\/05\/devops-edited-2048x1366.png 2048w, https:\/\/www.msch-consulting.com\/wp-content\/uploads\/2026\/05\/devops-edited-930x620.png 930w\" sizes=\"auto, (max-width: 2560px) 100vw, 2560px\" \/><\/a><\/figure>\n\n\n\n<div style=\"height:24px\" aria-hidden=\"true\" class=\"wp-block-spacer\"><\/div>\n\n\n\n<h3 class=\"wp-block-heading has-text-align-center has-neve-text-color-color has-text-color\">DevOps certifi\u00e9 IBM<\/h3>\n\n\n\n<div style=\"height:40px\" aria-hidden=\"true\" class=\"wp-block-spacer\"><\/div>\n<\/div>\n\n\n\n<div class=\"wp-block-column is-layout-flow wp-block-column-is-layout-flow\"><\/div>\n\n\n\n<div class=\"wp-block-column is-layout-flow wp-block-column-is-layout-flow\"><\/div>\n<\/div>\n<\/div><\/div>\n<\/div><\/div>\n\n\n\n<div class=\"wp-block-cover alignfull has-nv-text-dark-bg-color has-text-color has-link-color wp-elements-5f159f0800b3c8348aa6ad21bed96b33\" style=\"min-height:420px;aspect-ratio:unset;\"><span aria-hidden=\"true\" class=\"wp-block-cover__background has-nv-dark-bg-background-color has-background-dim-100 has-background-dim\"><\/span><div class=\"wp-block-cover__inner-container is-layout-flow wp-block-cover-is-layout-flow\">\n<div style=\"height:80px\" aria-hidden=\"true\" class=\"wp-block-spacer\"><\/div>\n\n\n\n<div class=\"wp-block-columns is-layout-flex wp-container-core-columns-is-layout-9d6595d7 wp-block-columns-is-layout-flex\">\n<div class=\"wp-block-column ticss-4ce656f1 is-layout-flow wp-block-column-is-layout-flow\"><div class=\"wp-block-image is-style-rounded\">\n<figure class=\"aligncenter size-full is-resized\"><a href=\"https:\/\/coursera.org\/share\/c4215842c4fa9981a00716d484d1b948\"><img loading=\"lazy\" decoding=\"async\" width=\"2560\" height=\"1982\" src=\"http:\/\/www.msch-consulting.com\/wp-content\/uploads\/2026\/05\/az104-scaled.png\" alt=\"\" class=\"wp-image-81\" style=\"width:80px;height:80px\" srcset=\"https:\/\/www.msch-consulting.com\/wp-content\/uploads\/2026\/05\/az104-scaled.png 2560w, https:\/\/www.msch-consulting.com\/wp-content\/uploads\/2026\/05\/az104-300x232.png 300w, https:\/\/www.msch-consulting.com\/wp-content\/uploads\/2026\/05\/az104-1024x793.png 1024w, https:\/\/www.msch-consulting.com\/wp-content\/uploads\/2026\/05\/az104-768x595.png 768w, https:\/\/www.msch-consulting.com\/wp-content\/uploads\/2026\/05\/az104-1536x1189.png 1536w, https:\/\/www.msch-consulting.com\/wp-content\/uploads\/2026\/05\/az104-2048x1586.png 2048w\" sizes=\"auto, (max-width: 2560px) 100vw, 2560px\" \/><\/a><\/figure>\n<\/div>\n\n\n<div style=\"height:24px\" aria-hidden=\"true\" class=\"wp-block-spacer\"><\/div>\n\n\n\n<p class=\"has-text-align-center has-nv-text-dark-bg-color has-text-color has-link-color wp-elements-2a13189f4a4cda0552678ba852a2ff72\">\u201cMicrosoft Azure Administrator (AZ-104) Specialization\u201c<\/p>\n\n\n\n<p class=\"has-text-align-center has-nv-text-dark-bg-color has-text-color has-small-font-size\" style=\"text-transform:uppercase\"><strong>PACKT on Coursera<\/strong><\/p>\n\n\n\n<div style=\"height:20px\" aria-hidden=\"true\" class=\"wp-block-spacer\"><\/div>\n<\/div>\n\n\n\n<div class=\"wp-block-column ticss-f6fc7494 is-layout-flow wp-block-column-is-layout-flow\"><div class=\"wp-block-image is-style-rounded\">\n<figure class=\"aligncenter size-full is-resized\"><a href=\"https:\/\/coursera.org\/share\/051f6947268eaef04e814c1cd2689190\"><img loading=\"lazy\" decoding=\"async\" width=\"2560\" height=\"1980\" src=\"http:\/\/www.msch-consulting.com\/wp-content\/uploads\/2026\/05\/az305-scaled.png\" alt=\"\" class=\"wp-image-82\" style=\"width:80px;height:80px\" srcset=\"https:\/\/www.msch-consulting.com\/wp-content\/uploads\/2026\/05\/az305-scaled.png 2560w, https:\/\/www.msch-consulting.com\/wp-content\/uploads\/2026\/05\/az305-300x232.png 300w, https:\/\/www.msch-consulting.com\/wp-content\/uploads\/2026\/05\/az305-1024x792.png 1024w, https:\/\/www.msch-consulting.com\/wp-content\/uploads\/2026\/05\/az305-768x594.png 768w, https:\/\/www.msch-consulting.com\/wp-content\/uploads\/2026\/05\/az305-1536x1188.png 1536w, https:\/\/www.msch-consulting.com\/wp-content\/uploads\/2026\/05\/az305-2048x1584.png 2048w\" sizes=\"auto, (max-width: 2560px) 100vw, 2560px\" \/><\/a><\/figure>\n<\/div>\n\n\n<div style=\"height:24px\" aria-hidden=\"true\" class=\"wp-block-spacer\"><\/div>\n\n\n\n<p class=\"has-text-align-center has-nv-text-dark-bg-color has-text-color\">\u201cMicrosoft Azure AZ-305 Designing MS Azure Infrastructure Solutions Exam Prep\u201d<\/p>\n\n\n\n<p class=\"has-text-align-center has-nv-text-dark-bg-color has-text-color has-small-font-size\" style=\"text-transform:uppercase\"><strong>SKILLUP on Coursera<\/strong><\/p>\n\n\n\n<div style=\"height:20px\" aria-hidden=\"true\" class=\"wp-block-spacer\"><\/div>\n<\/div>\n<\/div>\n\n\n\n<div style=\"height:0px\" aria-hidden=\"true\" class=\"wp-block-spacer\"><\/div>\n<\/div><\/div>\n\n\n\n<div class=\"wp-block-cover alignfull\" style=\"min-height:300px;aspect-ratio:unset;\"><span aria-hidden=\"true\" class=\"wp-block-cover__background has-neve-link-color-background-color has-background-dim-100 has-background-dim\"><\/span><div class=\"wp-block-cover__inner-container is-layout-flow wp-block-cover-is-layout-flow\">\n<div class=\"wp-block-columns is-layout-flex wp-container-core-columns-is-layout-9d6595d7 wp-block-columns-is-layout-flex\">\n<div class=\"wp-block-column is-layout-flow wp-block-column-is-layout-flow\" style=\"flex-basis:20%\"><\/div>\n\n\n\n<div class=\"wp-block-column is-layout-flow wp-block-column-is-layout-flow\" style=\"flex-basis:60%\">\n<div class=\"wp-block-group\"><div class=\"wp-block-group__inner-container is-layout-constrained wp-block-group-is-layout-constrained\">\n<h2 class=\"wp-block-heading has-text-align-center has-nv-text-dark-bg-color has-text-color\">Travaillons ensemble pour votre prochain projet IT d&rsquo;envergure<\/h2>\n\n\n\n<p class=\"has-text-align-center has-nv-text-dark-bg-color has-text-color has-link-color wp-elements-dcba81f643e2ab1b72a4a04c55f1bf41\">D\u00e9veloppement logicielle, int\u00e9gration continue, tests, d\u00e9ploiements, suivi de production, migrations techniques.<\/p>\n\n\n\n<div class=\"wp-block-buttons is-horizontal is-content-justification-center is-layout-flex wp-container-core-buttons-is-layout-499968f5 wp-block-buttons-is-layout-flex\">\n<div class=\"wp-block-button is-style-primary\"><a class=\"wp-block-button__link has-neve-link-color-color has-text-color has-background has-link-color wp-element-button\" href=\"http:\/\/www.msch-consulting.com\/index.php\/contact\/\" style=\"background-color:#ffffff\">Commencer<\/a><\/div>\n<\/div>\n<\/div><\/div>\n<\/div>\n\n\n\n<div class=\"wp-block-column is-layout-flow wp-block-column-is-layout-flow\" style=\"flex-basis:20%\"><\/div>\n<\/div>\n<\/div><\/div>\n","protected":false},"excerpt":{"rendered":"<p>Profession : Free-lance Ing\u00e9nieur logiciel, DevOps, cloud engineer, expert JAVA. Expertise reconnue Par des grandes entreprises, et des certifications professionnelles. Portfolio Plus de 20 ans d&rsquo;experiences professionnelles, dans les m\u00e9tiers de la tech.<\/p>\n","protected":false},"author":1,"featured_media":0,"parent":0,"menu_order":0,"comment_status":"closed","ping_status":"closed","template":"","meta":{"neve_meta_sidebar":"","neve_meta_container":"","neve_meta_enable_content_width":"on","neve_meta_content_width":100,"neve_meta_title_alignment":"","neve_meta_author_avatar":"","neve_post_elements_order":"","neve_meta_disable_header":"","neve_meta_disable_footer":"","neve_meta_disable_title":"on","footnotes":""},"class_list":["post-20","page","type-page","status-publish","hentry"],"_links":{"self":[{"href":"https:\/\/www.msch-consulting.com\/index.php\/wp-json\/wp\/v2\/pages\/20","targetHints":{"allow":["GET"]}}],"collection":[{"href":"https:\/\/www.msch-consulting.com\/index.php\/wp-json\/wp\/v2\/pages"}],"about":[{"href":"https:\/\/www.msch-consulting.com\/index.php\/wp-json\/wp\/v2\/types\/page"}],"author":[{"embeddable":true,"href":"https:\/\/www.msch-consulting.com\/index.php\/wp-json\/wp\/v2\/users\/1"}],"replies":[{"embeddable":true,"href":"https:\/\/www.msch-consulting.com\/index.php\/wp-json\/wp\/v2\/comments?post=20"}],"version-history":[{"count":38,"href":"https:\/\/www.msch-consulting.com\/index.php\/wp-json\/wp\/v2\/pages\/20\/revisions"}],"predecessor-version":[{"id":158,"href":"https:\/\/www.msch-consulting.com\/index.php\/wp-json\/wp\/v2\/pages\/20\/revisions\/158"}],"wp:attachment":[{"href":"https:\/\/www.msch-consulting.com\/index.php\/wp-json\/wp\/v2\/media?parent=20"}],"curies":[{"name":"wp","href":"https:\/\/api.w.org\/{rel}","templated":true}]}}