{"id":21,"date":"2026-05-10T18:48:44","date_gmt":"2026-05-10T16:48:44","guid":{"rendered":"https:\/\/www.msch-consulting.com\/?page_id=21"},"modified":"2026-05-11T20:53:32","modified_gmt":"2026-05-11T18:53:32","slug":"a-propos","status":"publish","type":"page","link":"https:\/\/www.msch-consulting.com\/index.php\/a-propos\/","title":{"rendered":"\u00c0 propos"},"content":{"rendered":"\n<div class=\"wp-block-cover alignfull\" style=\"min-height:320px;aspect-ratio:unset;\"><span aria-hidden=\"true\" class=\"wp-block-cover__background has-nv-site-bg-background-color has-background-dim-100 has-background-dim\"><\/span><div class=\"wp-block-cover__inner-container is-layout-flow wp-block-cover-is-layout-flow\">\n<div class=\"wp-block-group\" style=\"padding-right:var(--wp--preset--spacing--30);padding-left:var(--wp--preset--spacing--30)\"><div class=\"wp-block-group__inner-container is-layout-flow wp-block-group-is-layout-flow\">\n<h1 class=\"wp-block-heading has-text-align-left has-neve-text-color-color has-text-color\">Qui nous sommes<\/h1>\n<\/div><\/div>\n<\/div><\/div>\n\n\n\n<div class=\"wp-block-cover alignfull\" style=\"min-height:600px;aspect-ratio:unset;\"><span aria-hidden=\"true\" class=\"wp-block-cover__background has-nv-light-bg-background-color has-background-dim-100 has-background-dim\"><\/span><div class=\"wp-block-cover__inner-container is-layout-flow wp-block-cover-is-layout-flow\">\n<div class=\"wp-block-group\"><div class=\"wp-block-group__inner-container is-layout-flow wp-block-group-is-layout-flow\">\n<div class=\"wp-block-columns are-vertically-aligned-center has-neve-text-color-color has-text-color is-layout-flex wp-container-core-columns-is-layout-9d6595d7 wp-block-columns-is-layout-flex\">\n<div class=\"wp-block-column is-vertically-aligned-center is-layout-flow wp-block-column-is-layout-flow\" style=\"padding-right:var(--wp--preset--spacing--30);padding-left:var(--wp--preset--spacing--30);flex-basis:50%\">\n<figure class=\"wp-block-image size-full has-custom-border\"><img loading=\"lazy\" decoding=\"async\" width=\"1536\" height=\"1024\" src=\"https:\/\/www.msch-consulting.com\/wp-content\/uploads\/2026\/05\/imagePresentationApropos.png\" alt=\"\" class=\"wp-image-128\" style=\"border-radius:16px\" srcset=\"https:\/\/www.msch-consulting.com\/wp-content\/uploads\/2026\/05\/imagePresentationApropos.png 1536w, https:\/\/www.msch-consulting.com\/wp-content\/uploads\/2026\/05\/imagePresentationApropos-300x200.png 300w, https:\/\/www.msch-consulting.com\/wp-content\/uploads\/2026\/05\/imagePresentationApropos-1024x683.png 1024w, https:\/\/www.msch-consulting.com\/wp-content\/uploads\/2026\/05\/imagePresentationApropos-768x512.png 768w, https:\/\/www.msch-consulting.com\/wp-content\/uploads\/2026\/05\/imagePresentationApropos-930x620.png 930w\" sizes=\"auto, (max-width: 1536px) 100vw, 1536px\" \/><\/figure>\n<\/div>\n\n\n\n<div class=\"wp-block-column is-vertically-aligned-center is-layout-flow wp-block-column-is-layout-flow\" style=\"padding-top:0;padding-right:var(--wp--preset--spacing--30);padding-bottom:0;padding-left:var(--wp--preset--spacing--30);flex-basis:50%\">\n<h2 class=\"wp-block-heading has-neve-text-color-color has-text-color\">Notre histoire<\/h2>\n\n\n\n<ul class=\"wp-block-list\">\n<li>De formation universitaire, Master en algorithmique, programmation et ing\u00e9nieure logicielle \u00e0 Paris.<\/li>\n\n\n\n<li>Sept ann\u00e9es en ESN, mettant l&rsquo;accent sur l&rsquo;\u00e9coute et le conseil, aupr\u00e8s d&rsquo;entreprises majeurs de l&rsquo;assurance et de l&rsquo;\u00e9nergie.<\/li>\n\n\n\n<li><strong><em>MSCH Consulting<\/em><\/strong> est cr\u00e9\u00e9e en 2014. <\/li>\n<\/ul>\n\n\n\n<p class=\"has-neve-text-color-color has-text-color\"><\/p>\n<\/div>\n<\/div>\n\n\n\n<div style=\"height:40px\" aria-hidden=\"true\" class=\"wp-block-spacer\"><\/div>\n<\/div><\/div>\n<\/div><\/div>\n\n\n\n<div class=\"wp-block-cover alignfull\" style=\"min-height:1197px;aspect-ratio:unset;\"><span aria-hidden=\"true\" class=\"wp-block-cover__background has-nv-dark-bg-background-color has-background-dim-100 has-background-dim\"><\/span><div class=\"wp-block-cover__inner-container is-layout-flow wp-block-cover-is-layout-flow\">\n<div class=\"wp-block-group\"><div class=\"wp-block-group__inner-container is-layout-flow wp-block-group-is-layout-flow\">\n<p><\/p>\n\n\n\n<div class=\"wp-block-columns are-vertically-aligned-center is-layout-flex wp-container-core-columns-is-layout-9d6595d7 wp-block-columns-is-layout-flex\">\n<div class=\"wp-block-column is-vertically-aligned-center is-layout-flow wp-block-column-is-layout-flow\" style=\"padding-right:var(--wp--preset--spacing--30);padding-left:var(--wp--preset--spacing--30);flex-basis:50%\">\n<h2 class=\"wp-block-heading has-nv-text-dark-bg-color has-text-color\"><strong>Nos valeurs : l\u2019humain au c\u0153ur de l\u2019excellence<\/strong><\/h2>\n\n\n\n<p class=\"has-nv-text-dark-bg-color has-text-color\">Chez <strong><em>MSCH Consulting<\/em><\/strong>, nous croyons que la r\u00e9ussite se construit avant tout par la qualit\u00e9 des relations humaines.&nbsp;<strong>L\u2019\u00e9coute<\/strong>&nbsp;est notre premier engagement : comprendre vos besoins, vos attentes et vos d\u00e9fis pour vous proposer des solutions sur mesure.<\/p>\n\n\n\n<p>Notre approche repose sur&nbsp;<strong>le conseil<\/strong>, une expertise \u00e0 votre service pour vous accompagner \u00e0 chaque \u00e9tape, avec transparence et bienveillance. Nous ne nous contentons pas de r\u00e9pondre \u00e0 vos demandes : nous anticipons vos besoins pour vous offrir une vision claire et des r\u00e9ponses adapt\u00e9es.<\/p>\n\n\n\n<p>L\u2019<strong>excellence technique<\/strong>&nbsp;et le&nbsp;<strong>professionnalisme<\/strong>&nbsp;guident chacune de nos actions. Rigoureux, innovants et engag\u00e9s, nous mettons notre savoir-faire au service de votre satisfaction, avec un seul objectif : vous offrir des prestations \u00e0 la hauteur de vos ambitions.<\/p>\n\n\n\n<p class=\"has-nv-text-dark-bg-color has-text-color\">Parce que chaque projet est unique, nous pla\u00e7ons&nbsp;<strong>l\u2019humain<\/strong>&nbsp;au centre de notre d\u00e9marche. Votre confiance est notre plus belle r\u00e9compense.<\/p>\n\n\n\n<div style=\"height:20px\" aria-hidden=\"true\" class=\"wp-block-spacer\"><\/div>\n\n\n\n<div class=\"wp-block-buttons has-custom-font-size has-small-font-size is-content-justification-center is-layout-flex wp-container-core-buttons-is-layout-16018d1d wp-block-buttons-is-layout-flex\">\n<div class=\"wp-block-button is-style-default\"><a class=\"wp-block-button__link has-nv-text-dark-bg-color has-neve-link-color-background-color has-text-color has-background has-link-color has-text-align-center has-custom-font-size wp-element-button\" href=\"http:\/\/www.msch-consulting.com\/index.php\/contact\/\" style=\"font-size:16px\">Nous joindre<\/a><\/div>\n<\/div>\n\n\n\n<div style=\"height:20px\" aria-hidden=\"true\" class=\"wp-block-spacer\"><\/div>\n<\/div>\n\n\n\n<div class=\"wp-block-column is-vertically-aligned-center is-layout-flow wp-block-column-is-layout-flow\" style=\"padding-right:var(--wp--preset--spacing--30);padding-left:var(--wp--preset--spacing--30);flex-basis:50%\">\n<figure class=\"wp-block-image size-full has-custom-border\"><img loading=\"lazy\" decoding=\"async\" width=\"1536\" height=\"1024\" src=\"https:\/\/www.msch-consulting.com\/wp-content\/uploads\/2026\/05\/valeurs.png\" alt=\"\" class=\"wp-image-131\" style=\"border-radius:16px\" srcset=\"https:\/\/www.msch-consulting.com\/wp-content\/uploads\/2026\/05\/valeurs.png 1536w, https:\/\/www.msch-consulting.com\/wp-content\/uploads\/2026\/05\/valeurs-300x200.png 300w, https:\/\/www.msch-consulting.com\/wp-content\/uploads\/2026\/05\/valeurs-1024x683.png 1024w, https:\/\/www.msch-consulting.com\/wp-content\/uploads\/2026\/05\/valeurs-768x512.png 768w, https:\/\/www.msch-consulting.com\/wp-content\/uploads\/2026\/05\/valeurs-930x620.png 930w\" sizes=\"auto, (max-width: 1536px) 100vw, 1536px\" \/><\/figure>\n<\/div>\n<\/div>\n\n\n\n<div style=\"height:40px\" aria-hidden=\"true\" class=\"wp-block-spacer\"><\/div>\n<\/div><\/div>\n<\/div><\/div>\n\n\n\n<p><\/p>\n","protected":false},"excerpt":{"rendered":"","protected":false},"author":1,"featured_media":0,"parent":0,"menu_order":0,"comment_status":"closed","ping_status":"closed","template":"","meta":{"neve_meta_sidebar":"","neve_meta_container":"","neve_meta_enable_content_width":"on","neve_meta_content_width":100,"neve_meta_title_alignment":"","neve_meta_author_avatar":"","neve_post_elements_order":"","neve_meta_disable_header":"","neve_meta_disable_footer":"","neve_meta_disable_title":"on","footnotes":""},"class_list":["post-21","page","type-page","status-publish","hentry"],"_links":{"self":[{"href":"https:\/\/www.msch-consulting.com\/index.php\/wp-json\/wp\/v2\/pages\/21","targetHints":{"allow":["GET"]}}],"collection":[{"href":"https:\/\/www.msch-consulting.com\/index.php\/wp-json\/wp\/v2\/pages"}],"about":[{"href":"https:\/\/www.msch-consulting.com\/index.php\/wp-json\/wp\/v2\/types\/page"}],"author":[{"embeddable":true,"href":"https:\/\/www.msch-consulting.com\/index.php\/wp-json\/wp\/v2\/users\/1"}],"replies":[{"embeddable":true,"href":"https:\/\/www.msch-consulting.com\/index.php\/wp-json\/wp\/v2\/comments?post=21"}],"version-history":[{"count":16,"href":"https:\/\/www.msch-consulting.com\/index.php\/wp-json\/wp\/v2\/pages\/21\/revisions"}],"predecessor-version":[{"id":151,"href":"https:\/\/www.msch-consulting.com\/index.php\/wp-json\/wp\/v2\/pages\/21\/revisions\/151"}],"wp:attachment":[{"href":"https:\/\/www.msch-consulting.com\/index.php\/wp-json\/wp\/v2\/media?parent=21"}],"curies":[{"name":"wp","href":"https:\/\/api.w.org\/{rel}","templated":true}]}}